{"id":4775,"date":"2018-08-15T16:40:33","date_gmt":"2018-08-15T14:40:33","guid":{"rendered":"https:\/\/www.archibat.com\/blog\/?page_id=4775"},"modified":"2025-11-13T14:09:52","modified_gmt":"2025-11-13T13:09:52","slug":"mentions-legales","status":"publish","type":"page","link":"https:\/\/archibat.com\/blog\/mentions-legales\/","title":{"rendered":"Mentions l\u00e9gales"},"content":{"rendered":"<h2>Edition<\/h2>\n<p>Le site ArchiBat Mag (ci-apr\u00e8s \u00ab\u00a0le Site\u00a0\u00bb), accessible \u00e0 l\u2019adresse <a href=\"https:\/\/www.archibat.com\/blog\/\">www.archibat.com\/blog\/<\/a> est \u00e9dit\u00e9 par la soci\u00e9t\u00e9 ArchiBat Service (ci-apr\u00e8s \u00ab\u00a0l&rsquo;Editeur\u00a0\u00bb), SARL au capital de 150 000 euros, dont le si\u00e8ge social est situ\u00e9 59, rue du Faubourg Saint-Antoine, 75011 Paris, France (+33 (0)1 42 71 71 01, <a href=\"mailto:contact@archibat.com\">contact@archibat.com<\/a>) RCS 339412561 Paris.<\/p>\n<h2>R\u00e9daction<\/h2>\n<p><strong>Directeur de la publication<\/strong> : Dominique Noel (<a href=\"mailto:d.noel@archibat.com\">d.noel@archibat.com<\/a>)<\/p>\n<p><strong>Contact<\/strong> : + 33 (0)1 42 71 71 01<\/p>\n<p><strong>D\u00e9veloppement<\/strong> : Tanguy Aladenise (<a href=\"https:\/\/tanguy.aladenise.com\" target=\"_blank\" rel=\"noopener\">https:\/\/tanguy.aladenise.com<\/a>)<\/p>\n<p><strong>R\u00e9dacteur<\/strong> : Arthur Gueidan<\/p>\n<p><strong>Communication<\/strong> : Julie D\u00e9sir\u00e9 (<a href=\"mailto:communication@archibat.com\">communication@archibat.com<\/a>)<\/p>\n<p><strong>Agence social media<\/strong> : <a href=\"https:\/\/share.google\/UCNHiCrs8RcSJtdJV\" target=\"_blank\" rel=\"noopener\">r\u0113ve studio \/ designing online identities<\/a><\/p>\n<h2>H\u00e9bergeur<\/h2>\n<p>Le site ArchiBat Mag est h\u00e9berg\u00e9 par OVH, SAS au capital de 10 174 560 euros, dont le si\u00e8ge social est situ\u00e9 2 Rue Kellermann, 59100 Roubaix, France, joignable par le moyen suivant : <a href=\"mailto:hosting@ml.ovh.net\">hosting@ml.ovh.net<\/a>.<\/p>\n<h2>Respect de la propri\u00e9t\u00e9 intellectuelle<\/h2>\n<p>Toutes les marques, photographies, textes, commentaires, illustrations, images anim\u00e9es ou non, s\u00e9quences vid\u00e9o, sons, ainsi que toutes les applications informatiques qui pourraient \u00eatre utilis\u00e9es pour faire fonctionner le Site et plus g\u00e9n\u00e9ralement tous les \u00e9l\u00e9ments reproduits ou utilis\u00e9s sur le Site sont prot\u00e9g\u00e9s par les lois en vigueur au titre de la propri\u00e9t\u00e9 intellectuelle.<\/p>\n<p>Ils sont la propri\u00e9t\u00e9 pleine et enti\u00e8re de l&rsquo;Editeur ou de ses partenaires, sauf mentions particuli\u00e8res. Toute reproduction, repr\u00e9sentation, utilisation ou adaptation, sous quelque forme que ce soit, de tout ou partie de ces \u00e9l\u00e9ments, y compris les applications informatiques, sans l&rsquo;accord pr\u00e9alable et \u00e9crit de l&rsquo;Editeur, sont strictement interdites. Le fait pour l&rsquo;Editeur de ne pas engager de proc\u00e9dure d\u00e8s la prise de connaissance de ces utilisations non autoris\u00e9es ne vaut pas acceptation desdites utilisations et renonciation aux poursuites.<\/p>\n<p>Seule l&rsquo;utilisation pour un usage priv\u00e9 dans un cercle de famille est autoris\u00e9e et toute autre utilisation est constitutive de contrefa\u00e7on et\/ou d&rsquo;atteinte aux droits voisins, sanctionn\u00e9es par Code de la propri\u00e9t\u00e9 intellectuelle.<\/p>\n<p>La reprise de tout ou partie de ce contenu n\u00e9cessite l&rsquo;autorisation pr\u00e9alable de l&rsquo;Editeur ou du titulaire des droits sur ce contenu.<\/p>\n<h2>Liens hypertextes<\/h2>\n<p>Le Site peut contenir des liens hypertextes donnant acc\u00e8s \u00e0 d&rsquo;autres sites web \u00e9dit\u00e9s et g\u00e9r\u00e9s par des tiers et non par l&rsquo;Editeur. L&rsquo;Editeur ne pourra \u00eatre tenu responsable directement ou indirectement dans le cas o\u00f9 lesdits sites tiers ne respecteraient pas les dispositions l\u00e9gales.<\/p>\n<p>La cr\u00e9ation de liens hypertextes vers le Site ne peut \u00eatre faite qu&rsquo;avec l&rsquo;autorisation \u00e9crite et pr\u00e9alable de l&rsquo;Editeur.<\/p>\n<h2>Protection des donn\u00e9es personnelles<\/h2>\n<p>Le pr\u00e9sent site a fait l\u2019objet d\u2019une d\u00e9claration aupr\u00e8s de la CNIL (Commission Nationale de l\u2019Informatique et des Libert\u00e9s) sous le num\u00e9ro 1080065.<\/p>\n<p>Conform\u00e9ment aux lois en vigueur, les informations collect\u00e9es par le biais de nos formulaires sont exclusivement r\u00e9colt\u00e9es pour l\u2019usage de la soci\u00e9t\u00e9 ArchiBat Service et ne sont communiqu\u00e9es \u00e0 aucun tiers. Les utilisateurs sont inform\u00e9s qu&rsquo;ils disposent d&rsquo;un droit d&rsquo;acc\u00e8s, de modification, de rectification et de suppression des donn\u00e9es qui les concernent (art. 34 et suivants de la loi du 06\/01\/ 78 \u00a0\u00bb Informatique et Libert\u00e9s). Pour exercer ce droit, il suffit d&rsquo;\u00e9crire \u00e0 l&rsquo;adresse suivante : ArchiBat Service, 59, rue du Faubourg Saint-Antoine, 75011 Paris ou d\u2019en faire la demande par email : <a href=\"mailto:contact@archibat.com\">contact@archibat.com<\/a>.<\/p>\n\n\n<p><\/p>\n","protected":false},"excerpt":{"rendered":"<p>Edition Le site ArchiBat Mag (ci-apr\u00e8s \u00ab\u00a0le Site\u00a0\u00bb), accessible \u00e0 l\u2019adresse www.archibat.com\/blog\/ est \u00e9dit\u00e9 par la soci\u00e9t\u00e9 ArchiBat Service (ci-apr\u00e8s \u00ab\u00a0l&rsquo;Editeur\u00a0\u00bb), SARL au capital de\u2026<\/p>\n","protected":false},"author":1,"featured_media":0,"parent":0,"menu_order":1000,"comment_status":"closed","ping_status":"closed","template":"","meta":{"_acf_changed":false,"footnotes":""},"class_list":["post-4775","page","type-page","status-publish","hentry"],"acf":[],"yoast_head":"<!-- This site is optimized with the Yoast SEO plugin v24.8.1 - https:\/\/yoast.com\/wordpress\/plugins\/seo\/ -->\n<title>Mentions l\u00e9gales &#8211; ArchiBat Mag<\/title>\n<meta name=\"description\" content=\"Retrouvez les mentions l\u00e9gales d&#039;ArchiBat Mag et notre politique de protection des donn\u00e9es personnelles.\" \/>\n<meta name=\"robots\" content=\"index, follow, max-snippet:-1, max-image-preview:large, max-video-preview:-1\" \/>\n<link rel=\"canonical\" href=\"https:\/\/archibat.com\/blog\/mentions-legales\/\" \/>\n<meta property=\"og:locale\" content=\"fr_FR\" \/>\n<meta property=\"og:type\" content=\"article\" \/>\n<meta property=\"og:title\" content=\"Mentions l\u00e9gales &#8211; ArchiBat Mag\" \/>\n<meta property=\"og:description\" content=\"Retrouvez les mentions l\u00e9gales d&#039;ArchiBat Mag et notre politique de protection des donn\u00e9es personnelles.\" \/>\n<meta property=\"og:url\" content=\"https:\/\/archibat.com\/blog\/mentions-legales\/\" \/>\n<meta property=\"og:site_name\" content=\"ArchiBat Mag\" \/>\n<meta property=\"article:modified_time\" content=\"2025-11-13T13:09:52+00:00\" \/>\n<meta name=\"twitter:card\" content=\"summary_large_image\" \/>\n<meta name=\"twitter:label1\" content=\"Dur\u00e9e de lecture estim\u00e9e\" \/>\n\t<meta name=\"twitter:data1\" content=\"3 minutes\" \/>\n<script type=\"application\/ld+json\" class=\"yoast-schema-graph\">{\"@context\":\"https:\/\/schema.org\",\"@graph\":[{\"@type\":\"WebPage\",\"@id\":\"https:\/\/archibat.com\/blog\/mentions-legales\/\",\"url\":\"https:\/\/archibat.com\/blog\/mentions-legales\/\",\"name\":\"Mentions l\u00e9gales &#8211; ArchiBat Mag\",\"isPartOf\":{\"@id\":\"https:\/\/archibat.com\/blog\/#website\"},\"datePublished\":\"2018-08-15T14:40:33+00:00\",\"dateModified\":\"2025-11-13T13:09:52+00:00\",\"description\":\"Retrouvez les mentions l\u00e9gales d'ArchiBat Mag et notre politique de protection des donn\u00e9es personnelles.\",\"breadcrumb\":{\"@id\":\"https:\/\/archibat.com\/blog\/mentions-legales\/#breadcrumb\"},\"inLanguage\":\"fr-FR\",\"potentialAction\":[{\"@type\":\"ReadAction\",\"target\":[\"https:\/\/archibat.com\/blog\/mentions-legales\/\"]}]},{\"@type\":\"BreadcrumbList\",\"@id\":\"https:\/\/archibat.com\/blog\/mentions-legales\/#breadcrumb\",\"itemListElement\":[{\"@type\":\"ListItem\",\"position\":1,\"name\":\"Home\",\"item\":\"https:\/\/archibat.com\/blog\/\"},{\"@type\":\"ListItem\",\"position\":2,\"name\":\"Mentions l\u00e9gales\"}]},{\"@type\":\"WebSite\",\"@id\":\"https:\/\/archibat.com\/blog\/#website\",\"url\":\"https:\/\/archibat.com\/blog\/\",\"name\":\"ArchiBat Mag\",\"description\":\"Vous souhaitez connaitre les derni\u00e8res actualit\u00e9s sur l\u2019Architecture, le Design ou les Ressources Humaines ? D\u00e9couvrez ArchiBat Mag, le magazine d\u00e9di\u00e9 aux m\u00e9tiers de l&#039;Architecture et de l&#039;Ing\u00e9nierie.\",\"potentialAction\":[{\"@type\":\"SearchAction\",\"target\":{\"@type\":\"EntryPoint\",\"urlTemplate\":\"https:\/\/archibat.com\/blog\/?s={search_term_string}\"},\"query-input\":{\"@type\":\"PropertyValueSpecification\",\"valueRequired\":true,\"valueName\":\"search_term_string\"}}],\"inLanguage\":\"fr-FR\"}]}<\/script>\n<!-- \/ Yoast SEO plugin. -->","yoast_head_json":{"title":"Mentions l\u00e9gales &#8211; ArchiBat Mag","description":"Retrouvez les mentions l\u00e9gales d'ArchiBat Mag et notre politique de protection des donn\u00e9es personnelles.","robots":{"index":"index","follow":"follow","max-snippet":"max-snippet:-1","max-image-preview":"max-image-preview:large","max-video-preview":"max-video-preview:-1"},"canonical":"https:\/\/archibat.com\/blog\/mentions-legales\/","og_locale":"fr_FR","og_type":"article","og_title":"Mentions l\u00e9gales &#8211; ArchiBat Mag","og_description":"Retrouvez les mentions l\u00e9gales d'ArchiBat Mag et notre politique de protection des donn\u00e9es personnelles.","og_url":"https:\/\/archibat.com\/blog\/mentions-legales\/","og_site_name":"ArchiBat Mag","article_modified_time":"2025-11-13T13:09:52+00:00","twitter_card":"summary_large_image","twitter_misc":{"Dur\u00e9e de lecture estim\u00e9e":"3 minutes"},"schema":{"@context":"https:\/\/schema.org","@graph":[{"@type":"WebPage","@id":"https:\/\/archibat.com\/blog\/mentions-legales\/","url":"https:\/\/archibat.com\/blog\/mentions-legales\/","name":"Mentions l\u00e9gales &#8211; ArchiBat Mag","isPartOf":{"@id":"https:\/\/archibat.com\/blog\/#website"},"datePublished":"2018-08-15T14:40:33+00:00","dateModified":"2025-11-13T13:09:52+00:00","description":"Retrouvez les mentions l\u00e9gales d'ArchiBat Mag et notre politique de protection des donn\u00e9es personnelles.","breadcrumb":{"@id":"https:\/\/archibat.com\/blog\/mentions-legales\/#breadcrumb"},"inLanguage":"fr-FR","potentialAction":[{"@type":"ReadAction","target":["https:\/\/archibat.com\/blog\/mentions-legales\/"]}]},{"@type":"BreadcrumbList","@id":"https:\/\/archibat.com\/blog\/mentions-legales\/#breadcrumb","itemListElement":[{"@type":"ListItem","position":1,"name":"Home","item":"https:\/\/archibat.com\/blog\/"},{"@type":"ListItem","position":2,"name":"Mentions l\u00e9gales"}]},{"@type":"WebSite","@id":"https:\/\/archibat.com\/blog\/#website","url":"https:\/\/archibat.com\/blog\/","name":"ArchiBat Mag","description":"Vous souhaitez connaitre les derni\u00e8res actualit\u00e9s sur l\u2019Architecture, le Design ou les Ressources Humaines ? D\u00e9couvrez ArchiBat Mag, le magazine d\u00e9di\u00e9 aux m\u00e9tiers de l&#039;Architecture et de l&#039;Ing\u00e9nierie.","potentialAction":[{"@type":"SearchAction","target":{"@type":"EntryPoint","urlTemplate":"https:\/\/archibat.com\/blog\/?s={search_term_string}"},"query-input":{"@type":"PropertyValueSpecification","valueRequired":true,"valueName":"search_term_string"}}],"inLanguage":"fr-FR"}]}},"_links":{"self":[{"href":"https:\/\/archibat.com\/blog\/wp-json\/wp\/v2\/pages\/4775","targetHints":{"allow":["GET"]}}],"collection":[{"href":"https:\/\/archibat.com\/blog\/wp-json\/wp\/v2\/pages"}],"about":[{"href":"https:\/\/archibat.com\/blog\/wp-json\/wp\/v2\/types\/page"}],"author":[{"embeddable":true,"href":"https:\/\/archibat.com\/blog\/wp-json\/wp\/v2\/users\/1"}],"replies":[{"embeddable":true,"href":"https:\/\/archibat.com\/blog\/wp-json\/wp\/v2\/comments?post=4775"}],"version-history":[{"count":2,"href":"https:\/\/archibat.com\/blog\/wp-json\/wp\/v2\/pages\/4775\/revisions"}],"predecessor-version":[{"id":23756,"href":"https:\/\/archibat.com\/blog\/wp-json\/wp\/v2\/pages\/4775\/revisions\/23756"}],"wp:attachment":[{"href":"https:\/\/archibat.com\/blog\/wp-json\/wp\/v2\/media?parent=4775"}],"curies":[{"name":"wp","href":"https:\/\/api.w.org\/{rel}","templated":true}]}}